{"id":904,"date":"2019-10-28T08:30:38","date_gmt":"2019-10-28T08:30:38","guid":{"rendered":"https:\/\/sangria.no\/?page_id=315"},"modified":"2022-10-18T16:27:13","modified_gmt":"2022-10-18T14:27:13","slug":"book-now","status":"publish","type":"page","link":"https:\/\/sangria.no\/index.php\/book-now\/","title":{"rendered":"Kontakt og booking (riktig)"},"content":{"rendered":"<p><div class=\"fusion-fullwidth fullwidth-box fusion-builder-row-1 fusion-flex-container has-pattern-background has-mask-background nonhundred-percent-fullwidth non-hundred-percent-height-scrolling\" style=\"background-color: rgba(255,255,255,0);background-position: center center;background-repeat: no-repeat;border-width: 0px 0px 0px 0px;border-color:#eae9e9;border-style:solid;\" ><div class=\"fusion-builder-row fusion-row fusion-flex-align-items-flex-start\" style=\"max-width:104%;margin-left: calc(-4% \/ 2 );margin-right: calc(-4% \/ 2 );\"><div class=\"fusion-layout-column fusion_builder_column fusion-builder-column-0 fusion_builder_column_1_1 1_1 fusion-flex-column\"><div class=\"fusion-column-wrapper fusion-flex-justify-content-flex-start fusion-content-layout-column\" style=\"background-position:left top;background-repeat:no-repeat;-webkit-background-size:cover;-moz-background-size:cover;-o-background-size:cover;background-size:cover;padding: 0px 0px 0px 0px;\"><div class=\"fusion-text fusion-text-1\" style=\"color:#ff7300;font-family:&quot;Rosarivo&quot;;font-weight:400;\"><p style=\"font-size: 49px;\" data-fusion-font=\"true\">\n<p style=\"font-size: 49px;\" data-fusion-font=\"true\">KONTAKT OG BOOKING<\/p>\n<\/div><\/div><style type=\"text\/css\">.fusion-body .fusion-builder-column-0{width:100% !important;margin-top : 0px;margin-bottom : 20px;}.fusion-builder-column-0 > .fusion-column-wrapper {padding-top : 0px !important;padding-right : 0px !important;margin-right : 1.92%;padding-bottom : 0px !important;padding-left : 0px !important;margin-left : 1.92%;}@media only screen and (max-width:1024px) {.fusion-body .fusion-builder-column-0{width:100% !important;order : 0;}.fusion-builder-column-0 > .fusion-column-wrapper {margin-right : 1.92%;margin-left : 1.92%;}}@media only screen and (max-width:640px) {.fusion-body .fusion-builder-column-0{width:100% !important;order : 0;}.fusion-builder-column-0 > .fusion-column-wrapper {margin-right : 1.92%;margin-left : 1.92%;}}<\/style><\/div><\/div><style type=\"text\/css\">.fusion-body .fusion-flex-container.fusion-builder-row-1{ padding-top : 0px;margin-top : 0px;padding-right : 0px;padding-bottom : 0px;margin-bottom : 0px;padding-left : 31px;}<\/style><\/div><div class=\"fusion-fullwidth fullwidth-box fusion-builder-row-2 fusion-flex-container has-pattern-background has-mask-background nonhundred-percent-fullwidth non-hundred-percent-height-scrolling\" style=\"background-color: rgba(255,255,255,0);background-position: center center;background-repeat: no-repeat;border-width: 0px 0px 0px 0px;border-color:#eae9e9;border-style:solid;\" ><div class=\"fusion-builder-row fusion-row fusion-flex-align-items-flex-start\" style=\"max-width:104%;margin-left: calc(-4% \/ 2 );margin-right: calc(-4% \/ 2 );\"><div class=\"fusion-layout-column fusion_builder_column fusion-builder-column-1 fusion_builder_column_1_1 1_1 fusion-flex-column\"><div class=\"fusion-column-wrapper fusion-flex-justify-content-flex-start fusion-content-layout-column\" style=\"background-position:left top;background-repeat:no-repeat;-webkit-background-size:cover;-moz-background-size:cover;-o-background-size:cover;background-size:cover;padding: 0px 0px 0px 0px;\"><div class=\"fusion-text fusion-text-2\" style=\"font-family:&quot;Rosarivo&quot;;font-weight:400;\"><p style=\"color: var(--awb-color5);\"><b style=\"font-size: 38px; color: #ff7300;\" data-fusion-font=\"true\">Hva gj\u00f8r vi?<\/b><\/p>\n<p><b style=\"font-size: 19px; color: #ff7300;\" data-fusion-font=\"true\">Sangria opptrer p\u00e5 b\u00e5de store og sm\u00e5 arrangementer &#8211; <\/b><span style=\"color: #333333;\"><b style=\"font-size: 19px; color: #ff7300;\" data-fusion-font=\"true\">heriblant<\/b><\/span><b style=\"font-size: 19px; color: #ff7300;\" data-fusion-font=\"true\"> julebord og 17. mai, og kan med h\u00e5nda p\u00e5 hjertet si at vi alltid streber etter \u00e5 lage best mulig opplevelse med sang og moro. Vi fors\u00f8ker alltid \u00e5 tilpasse opptreden etter \u00f8nsker fra oppdragsgiver, og kan tilby potpurrier innenfor de fleste temaer. I tillegg synger vi b\u00e5de \u00abp\u00e5\u00bb- og \u00abav\u00bb-sang, og samlet sett ser man p\u00e5 en opptreden p\u00e5 ca. 20 minutter. Dersom man \u00f8nsker kortere fremf\u00f8ring, har vi ogs\u00e5 et knippe sanger \u00e5 velge mellom \u2013 og ser da p\u00e5 en opptreden p\u00e5 ca. 10 minutter. Ta gjerne kontakt med oss for en uforpliktende samtale om hvordan vi best kan stelle i stand en opptreden for dere.<\/b><\/p>\n<p><b style=\"color: var(--awb-color7);\">\u00a0<\/b><\/p>\n<p style=\"font-size: 38px; color: var(--awb-color5);\" data-fusion-font=\"true\"><b>Kontakt Humlemor:<\/b><\/p>\n<p><b style=\"color: var(--awb-custom_color_1); font-size: 19px;\" data-fusion-font=\"true\">Dersom en opptreden fra Sangria h\u00f8res fortryllende ut, ber vi om at dere sender en e-post til leder i koret p\u00e5 leder.sangria@nhhs.no s\u00e5 vil vi svare ved f\u00f8rste anledning. <\/b><\/p>\n<p><b style=\"color: var(--awb-custom_color_1); font-size: 19px;\" data-fusion-font=\"true\">Ellers holder vi til p\u00e5 Norges Handelsh\u00f8yskole ved f\u00f8lgende adresse; <\/b><b style=\"font-size: 19px; color: var(--awb-custom_color_1); background-color: rgba(255, 255, 255, 0); font-style: var(--body_typography-font-style,normal); letter-spacing: var(--body_typography-letter-spacing);\">Helleveien 30, 5045Bergen, Hordaland<\/b><\/p>\n<\/div><\/div><style type=\"text\/css\">.fusion-body .fusion-builder-column-1{width:100% !important;margin-top : 0px;margin-bottom : 20px;}.fusion-builder-column-1 > .fusion-column-wrapper {padding-top : 0px !important;padding-right : 0px !important;margin-right : 1.92%;padding-bottom : 0px !important;padding-left : 0px !important;margin-left : 1.92%;}@media only screen and (max-width:1024px) {.fusion-body .fusion-builder-column-1{width:100% !important;order : 0;}.fusion-builder-column-1 > .fusion-column-wrapper {margin-right : 1.92%;margin-left : 1.92%;}}@media only screen and (max-width:640px) {.fusion-body .fusion-builder-column-1{width:100% !important;order : 0;}.fusion-builder-column-1 > .fusion-column-wrapper {margin-right : 1.92%;margin-left : 1.92%;}}<\/style><\/div><\/div><style type=\"text\/css\">.fusion-body .fusion-flex-container.fusion-builder-row-2{ padding-top : 0px;margin-top : 0px;padding-right : 30px;padding-bottom : 0px;margin-bottom : 0px;padding-left : 30px;}<\/style><\/div><\/p>\n","protected":false},"excerpt":{"rendered":"","protected":false},"author":1,"featured_media":0,"parent":0,"menu_order":0,"comment_status":"closed","ping_status":"closed","template":"100-width.php","meta":{"footnotes":""},"class_list":["post-904","page","type-page","status-publish","hentry"],"_links":{"self":[{"href":"https:\/\/sangria.no\/index.php\/wp-json\/wp\/v2\/pages\/904","targetHints":{"allow":["GET"]}}],"collection":[{"href":"https:\/\/sangria.no\/index.php\/wp-json\/wp\/v2\/pages"}],"about":[{"href":"https:\/\/sangria.no\/index.php\/wp-json\/wp\/v2\/types\/page"}],"author":[{"embeddable":true,"href":"https:\/\/sangria.no\/index.php\/wp-json\/wp\/v2\/users\/1"}],"replies":[{"embeddable":true,"href":"https:\/\/sangria.no\/index.php\/wp-json\/wp\/v2\/comments?post=904"}],"version-history":[{"count":17,"href":"https:\/\/sangria.no\/index.php\/wp-json\/wp\/v2\/pages\/904\/revisions"}],"predecessor-version":[{"id":1094,"href":"https:\/\/sangria.no\/index.php\/wp-json\/wp\/v2\/pages\/904\/revisions\/1094"}],"wp:attachment":[{"href":"https:\/\/sangria.no\/index.php\/wp-json\/wp\/v2\/media?parent=904"}],"curies":[{"name":"wp","href":"https:\/\/api.w.org\/{rel}","templated":true}]}}